{"id":4353,"date":"2025-04-02T16:05:26","date_gmt":"2025-04-02T16:05:26","guid":{"rendered":"https:\/\/entrogen.com\/web4\/?post_type=product&#038;p=4353"},"modified":"2025-06-23T19:24:40","modified_gmt":"2025-06-23T19:24:40","slug":"nras-mutation-analysis-kit","status":"publish","type":"product","link":"https:\/\/entrogen.com\/web4\/product\/nras-mutation-analysis-kit\/","title":{"rendered":"NRAS Mutation Analysis Kit"},"content":{"rendered":"[et_pb_section fb_built=&#8221;1&#8243; admin_label=&#8221;Section&#8221; _builder_version=&#8221;4.27.2&#8243; _module_preset=&#8221;default&#8221; custom_padding=&#8221;6px||4px|||&#8221; collapsed=&#8221;off&#8221; global_colors_info=&#8221;{}&#8221;][et_pb_row _builder_version=&#8221;4.16&#8243; background_size=&#8221;initial&#8221; background_position=&#8221;top_left&#8221; background_repeat=&#8221;repeat&#8221; width=&#8221;100%&#8221; custom_padding=&#8221;0px||0px||false|false&#8221; global_colors_info=&#8221;{}&#8221;][et_pb_column type=&#8221;4_4&#8243; _builder_version=&#8221;4.16&#8243; custom_padding=&#8221;|||&#8221; global_colors_info=&#8221;{}&#8221; custom_padding__hover=&#8221;|||&#8221;][et_pb_wc_breadcrumb admin_label=&#8221;Woo Breadcrumbs&#8221; _builder_version=&#8221;4.16&#8243; global_colors_info=&#8221;{}&#8221;][\/et_pb_wc_breadcrumb][\/et_pb_column][\/et_pb_row][\/et_pb_section][et_pb_section fb_built=&#8221;1&#8243; specialty=&#8221;on&#8221; _builder_version=&#8221;4.27.2&#8243; _module_preset=&#8221;default&#8221; custom_padding=&#8221;0px||9px|||&#8221; global_colors_info=&#8221;{}&#8221;][et_pb_column type=&#8221;1_3&#8243; _builder_version=&#8221;4.16&#8243; custom_padding=&#8221;|||&#8221; global_colors_info=&#8221;{}&#8221; custom_padding__hover=&#8221;|||&#8221;][et_pb_wc_images _builder_version=&#8221;4.27.4&#8243; _module_preset=&#8221;default&#8221; custom_margin=&#8221;|||-98px||&#8221; custom_padding=&#8221;|||23px||&#8221; global_colors_info=&#8221;{}&#8221;][\/et_pb_wc_images][\/et_pb_column][et_pb_column type=&#8221;2_3&#8243; specialty_columns=&#8221;2&#8243; _builder_version=&#8221;4.16&#8243; custom_padding=&#8221;|||&#8221; global_colors_info=&#8221;{}&#8221; custom_padding__hover=&#8221;|||&#8221;][et_pb_row_inner column_structure=&#8221;1_2,1_2&#8243; _builder_version=&#8221;4.27.2&#8243; _module_preset=&#8221;default&#8221; custom_padding=&#8221;|0px||||&#8221; global_colors_info=&#8221;{}&#8221;][et_pb_column_inner type=&#8221;1_2&#8243; saved_specialty_column_type=&#8221;2_3&#8243; _builder_version=&#8221;4.27.2&#8243; _module_preset=&#8221;default&#8221; global_colors_info=&#8221;{}&#8221;][et_pb_wc_title _builder_version=&#8221;4.27.2&#8243; _module_preset=&#8221;default&#8221; header_font_size=&#8221;27px&#8221; custom_margin=&#8221;|-164px||||&#8221; global_colors_info=&#8221;{}&#8221;][\/et_pb_wc_title][\/et_pb_column_inner][et_pb_column_inner type=&#8221;1_2&#8243; saved_specialty_column_type=&#8221;2_3&#8243; _builder_version=&#8221;4.27.2&#8243; _module_preset=&#8221;default&#8221; global_colors_info=&#8221;{}&#8221;][\/et_pb_column_inner][\/et_pb_row_inner][et_pb_row_inner _builder_version=&#8221;4.27.2&#8243; _module_preset=&#8221;default&#8221; global_colors_info=&#8221;{}&#8221;][et_pb_column_inner saved_specialty_column_type=&#8221;2_3&#8243; _builder_version=&#8221;4.27.2&#8243; _module_preset=&#8221;default&#8221; global_colors_info=&#8221;{}&#8221;][et_pb_wc_description admin_label=&#8221;Woo Product Short Description&#8221; _builder_version=&#8221;4.27.4&#8243; custom_margin=&#8221;-8px|||||&#8221; global_colors_info=&#8221;{}&#8221;][\/et_pb_wc_description][et_pb_wc_meta show_sku=&#8221;off&#8221; admin_label=&#8221;Woo Product Meta&#8221; _builder_version=&#8221;4.27.2&#8243; global_colors_info=&#8221;{}&#8221;][\/et_pb_wc_meta][et_pb_button button_url=&#8221;https:\/\/entrogen.com\/web4\/product-information-request-form\/&#8221; button_text=&#8221;Request More Information&#8221; button_alignment=&#8221;left&#8221; admin_label=&#8221;Button&#8221; _builder_version=&#8221;4.27.4&#8243; _module_preset=&#8221;default&#8221; custom_button=&#8221;on&#8221; button_text_size=&#8221;13px&#8221; button_text_color=&#8221;#FFFFFF&#8221; button_bg_color=&#8221;#476e8d&#8221; button_border_color=&#8221;RGBA(255,255,255,0)&#8221; background_layout=&#8221;dark&#8221; custom_margin=&#8221;30px|||||&#8221; global_colors_info=&#8221;{}&#8221;][\/et_pb_button][\/et_pb_column_inner][\/et_pb_row_inner][\/et_pb_column][\/et_pb_section][et_pb_section fb_built=&#8221;1&#8243; _builder_version=&#8221;4.16&#8243; custom_padding=&#8221;0px||||false|false&#8221; global_colors_info=&#8221;{}&#8221;][et_pb_row _builder_version=&#8221;4.27.4&#8243; _module_preset=&#8221;default&#8221; width=&#8221;100%&#8221; custom_padding=&#8221;6px|||||&#8221; global_colors_info=&#8221;{}&#8221;][et_pb_column type=&#8221;4_4&#8243; _builder_version=&#8221;4.27.2&#8243; _module_preset=&#8221;default&#8221; global_colors_info=&#8221;{}&#8221;][et_pb_tabs admin_label=&#8221;Tabs&#8221; _builder_version=&#8221;4.27.4&#8243; _module_preset=&#8221;default&#8221; custom_margin=&#8221;24px|||||&#8221; custom_padding=&#8221;|30px|60px|||&#8221; hover_enabled=&#8221;0&#8243; global_colors_info=&#8221;{}&#8221; sticky_enabled=&#8221;0&#8243;][et_pb_tab title=&#8221;Product Overview&#8221; _builder_version=&#8221;4.27.4&#8243; _module_preset=&#8221;default&#8221; hover_enabled=&#8221;0&#8243; global_colors_info=&#8221;{}&#8221; sticky_enabled=&#8221;0&#8243;]\n<p class=\"\" data-start=\"53\" data-end=\"518\">Mutations in the NRAS gene, a key member of the RAS family of small GTPases, play a crucial role in tumor development by driving uncontrolled cell proliferation through the RAF-MEK-ERK pathway and enhancing cell survival via the PI3K-AKT-mTOR pathway. Studies have shown that tumors harboring NRAS mutations exhibit reduced responsiveness to EGFR-targeted therapies, highlighting the importance of comprehensive mutation testing for informing therapeutic strategies.<\/p>\n<p class=\"\" data-start=\"520\" data-end=\"1174\">The NRAS Mutation Analysis Kit is a real-time PCR-based assay designed to detect clinically relevant somatic mutations in the NRAS gene, even in samples containing a mixture of wild-type and mutant DNA.<\/p>\n<p class=\"\" data-start=\"520\" data-end=\"1174\">Using mutation-specific primers and fluorescent hydrolysis probes, the assay ensures highly specific amplification of mutant variants while also incorporating an internal control gene to verify sample quality.<\/p>\n<p class=\"\" data-start=\"520\" data-end=\"1174\">This robust and sensitive assay is optimized for use with FFPE and fresh\/frozen tissue samples.<\/p>\n<p class=\"\" data-start=\"520\" data-end=\"1174\">The table below lists the mutations detected by the NRAS Mutation Detection kit.<\/p>\n<table style=\"height: 459px; width: 604px;\" border=\"1\" width=\"634\">\n<tbody>\n<tr style=\"height: 33px;\">\n<td style=\"width: 69.3906px; height: 33px;\"><strong>Exon<\/strong><\/td>\n<td style=\"width: 144.484px; height: 33px;\"><strong>Mutation Name<\/strong><\/td>\n<td style=\"width: 166.609px; height: 33px;\"><strong>Nucleotide Change<\/strong><\/td>\n<td style=\"width: 195.516px; height: 33px;\"><strong>Amino Acid Change<\/strong><\/td>\n<\/tr>\n<tr style=\"height: 33px;\">\n<td style=\"width: 69.3906px; height: 197px;\" rowspan=\"5\">2<\/td>\n<td style=\"width: 144.484px; height: 33px;\">G12C<\/td>\n<td style=\"width: 166.609px; height: 33px;\">c.34G&gt;T<\/td>\n<td style=\"width: 195.516px; height: 33px;\">Glycine (G) to Cysteine (C)<\/td>\n<\/tr>\n<tr style=\"height: 65px;\">\n<td style=\"width: 144.484px; height: 65px;\">G12D<\/td>\n<td style=\"width: 166.609px; height: 65px;\">c.35G&gt;A<\/td>\n<td style=\"width: 195.516px; height: 65px;\">Glycine (G) to Aspartic acid (D)<\/td>\n<\/tr>\n<tr style=\"height: 33px;\">\n<td style=\"width: 144.484px; height: 33px;\">G12S<\/td>\n<td style=\"width: 166.609px; height: 33px;\">c.34G&gt;A<\/td>\n<td style=\"width: 195.516px; height: 33px;\">Glycine (G) to Serine (S)<\/td>\n<\/tr>\n<tr style=\"height: 33px;\">\n<td style=\"width: 144.484px; height: 33px;\">G13V<\/td>\n<td style=\"width: 166.609px; height: 33px;\">c.38G&gt;T<\/td>\n<td style=\"width: 195.516px; height: 33px;\">Glycine (G) to Valine (V)<\/td>\n<\/tr>\n<tr style=\"height: 33px;\">\n<td style=\"width: 144.484px; height: 33px;\">G13R<\/td>\n<td style=\"width: 166.609px; height: 33px;\">c.37G&gt;C<\/td>\n<td style=\"width: 195.516px; height: 33px;\">Glycine (G) to Arginine (R)<\/td>\n<\/tr>\n<tr style=\"height: 33px;\">\n<td style=\"width: 69.3906px; height: 196px;\" rowspan=\"4\">3<\/td>\n<td style=\"width: 144.484px; height: 33px;\">Q61K<\/td>\n<td style=\"width: 166.609px; height: 33px;\">c.181C&gt;A<\/td>\n<td style=\"width: 195.516px; height: 33px;\">Glutamine (Q) to Lysine (K)<\/td>\n<\/tr>\n<tr style=\"height: 65px;\">\n<td style=\"width: 144.484px; height: 65px;\">Q61R<\/td>\n<td style=\"width: 166.609px; height: 65px;\">c.182A&gt;G<\/td>\n<td style=\"width: 195.516px; height: 65px;\">Glutamine (Q) to Arginine (R)<\/td>\n<\/tr>\n<tr style=\"height: 33px;\">\n<td style=\"width: 144.484px; height: 33px;\">Q61L<\/td>\n<td style=\"width: 166.609px; height: 33px;\">c.182A&gt;T<\/td>\n<td style=\"width: 195.516px; height: 33px;\">Glutamine (Q) to Leucine (L)<\/td>\n<\/tr>\n<tr style=\"height: 65px;\">\n<td style=\"width: 144.484px; height: 65px;\">Q61H<\/td>\n<td style=\"width: 166.609px; height: 65px;\">c.183A&gt;C &amp; c.183A&gt;T<\/td>\n<td style=\"width: 195.516px; height: 65px;\">Glutamine (Q) to Histidine (H)<\/td>\n<\/tr>\n<tr style=\"height: 33px;\">\n<td style=\"width: 69.3906px; height: 33px;\">4<\/td>\n<td style=\"width: 144.484px; height: 33px;\">A146T<\/td>\n<td style=\"width: 166.609px; height: 33px;\">c.436G&gt;A<\/td>\n<td style=\"width: 195.516px; height: 33px;\">Alanine (A) to Threonine (T)<\/td>\n<\/tr>\n<\/tbody>\n<\/table>\n<p>&nbsp;<\/p>\n<a href=\"https:\/\/entrogen.com\/web4\/product-information-request-form\/\" class=\"su-button su-button-style-default\" style=\"color:#FFFFFF;background-color:#2D89EF;border-color:#246ec0;border-radius:5px\" target=\"_blank\" rel=\"noopener noreferrer\"><span style=\"color:#FFFFFF;padding:0px 16px;font-size:13px;line-height:26px;border-color:#6cadf4;border-radius:5px;text-shadow:none\"> For More Information<\/span><\/a>\n[\/et_pb_tab][et_pb_tab title=&#8221;Workflow&#8221; _builder_version=&#8221;4.27.4&#8243; _module_preset=&#8221;default&#8221; global_colors_info=&#8221;{}&#8221;]\n<p>The NRAS Mutation Analysis Kit follows a simple and easy to use process. It can be completed in 2 hours and follows a simple straightforward process.<\/p>\n<p>EntroGen\u02bcs NRAS mutation screening panel requires a real-time PCR instrument capable of detecting VIC and FAM fluorescent probes.<\/p>\n<p>This test includes reagents required for PCR amplification\/detection, as well as validated reaction controls.<\/p>\n<p>Columns and reagents for DNA isolation are not included.\u00a0Genomic DNA from FFPE tissues can be extracted using <a href=\"https:\/\/entrogen.com\/web4\/purena-genomic-dna-isolation-kit\/\">EntroGen pureNA\u00ae Genomic DNA Isolation Kit<\/a>.<\/p>\n<p><span id=\"page56R_mcid9\" class=\"markedContent\"><span dir=\"ltr\">We suggest using the <\/span><a href=\"https:\/\/entrogen.com\/web4\/product\/internal-quality-control-assay\/\" target=\"_blank\" rel=\"noopener\"><span class=\"\" dir=\"ltr\">Internal Quality Control Assay (cat. no. <span class=\"highlight selected appended\">IQCA<\/span><\/span><span dir=\"ltr\">&#8211;<\/span><\/a><span dir=\"ltr\"><a href=\"https:\/\/entrogen.com\/web4\/internal-quality-control-assay\/\" target=\"_blank\" rel=\"noopener\">RT50)<\/a> to determine the optimal amount of input DNA prior to runnin<\/span><span dir=\"ltr\">g this<\/span><span dir=\"ltr\"> assay.<\/span><\/span><\/p>\n<p><img loading=\"lazy\" decoding=\"async\" class=\"wp-image-4355 alignnone size-medium\" src=\"https:\/\/entrogen.com\/web4\/wp-content\/uploads\/2025\/04\/NRAS-RT50-load-samples-267x300.png\" alt=\"\" width=\"267\" height=\"300\" \/><img loading=\"lazy\" decoding=\"async\" class=\"wp-image-4164 alignnone size-medium\" src=\"https:\/\/entrogen.com\/web4\/wp-content\/uploads\/2025\/03\/Arrow-right-sized-74x300.png\" alt=\"\" width=\"74\" height=\"300\" srcset=\"https:\/\/entrogen.com\/web4\/wp-content\/uploads\/2025\/03\/Arrow-right-sized-74x300.png 74w, https:\/\/entrogen.com\/web4\/wp-content\/uploads\/2025\/03\/Arrow-right-sized.png 150w\" sizes=\"(max-width: 74px) 100vw, 74px\" \/> <img loading=\"lazy\" decoding=\"async\" class=\"wp-image-4356 alignnone size-medium\" src=\"https:\/\/entrogen.com\/web4\/wp-content\/uploads\/2025\/04\/NRAS-RT50-run-in-pcr-267x300.png\" alt=\"\" width=\"267\" height=\"300\" \/> \u00a0<img loading=\"lazy\" decoding=\"async\" class=\"wp-image-4164 alignnone size-medium\" src=\"https:\/\/entrogen.com\/web4\/wp-content\/uploads\/2025\/03\/Arrow-right-sized-74x300.png\" alt=\"\" width=\"74\" height=\"300\" srcset=\"https:\/\/entrogen.com\/web4\/wp-content\/uploads\/2025\/03\/Arrow-right-sized-74x300.png 74w, https:\/\/entrogen.com\/web4\/wp-content\/uploads\/2025\/03\/Arrow-right-sized.png 150w\" sizes=\"(max-width: 74px) 100vw, 74px\" \/> <img loading=\"lazy\" decoding=\"async\" class=\"wp-image-4230 alignnone size-medium\" src=\"https:\/\/entrogen.com\/web4\/wp-content\/uploads\/2025\/03\/Analyze-Results-1-267x300.png\" alt=\"\" width=\"267\" height=\"300\" \/><\/p>\n[\/et_pb_tab][et_pb_tab title=&#8221;Resources&#8221; _builder_version=&#8221;4.27.4&#8243; _module_preset=&#8221;default&#8221; global_colors_info=&#8221;{}&#8221;]\n<table border=\"0\" style=\"width: 100%; border-collapse: collapse; border-style: none; height: 136px;\">\n<tbody>\n<tr style=\"height: 88px;\">\n<td style=\"width: 3.17757%; height: 88px;\"><a href=\"https:\/\/pubmed.ncbi.nlm.nih.gov\/28399112\/\" target=\"_blank\" rel=\"noopener\"><img loading=\"lazy\" decoding=\"async\" class=\"wp-image-4151 alignnone size-full\" src=\"https:\/\/entrogen.com\/web4\/wp-content\/uploads\/2024\/11\/Pubmed-thumb-150x150-3.png\" alt=\"\" width=\"150\" height=\"150\" srcset=\"https:\/\/entrogen.com\/web4\/wp-content\/uploads\/2024\/11\/Pubmed-thumb-150x150-3.png 150w, https:\/\/entrogen.com\/web4\/wp-content\/uploads\/2024\/11\/Pubmed-thumb-150x150-3-100x100.png 100w\" sizes=\"(max-width: 150px) 100vw, 150px\" \/><\/a><\/td>\n<td style=\"width: 16.8224%; height: 88px;\"><a href=\"https:\/\/pubmed.ncbi.nlm.nih.gov\/28399112\/\" target=\"_blank\" rel=\"noopener\"><strong>Cetuximab in Treatment of Metastatic Colorectal Cancer: Final Survival Analyses and Extended RAS Data from the NORDIC-VII Study.<\/strong> Guren, Thomsen, Kure, Sorbye, Glimelius, Pfeiffer, \u00d6sterlund, Sigurdsson, Lothe, Dalsgaard, Skovlund, Christoffersen, Tveit. Comparison of KRAS Mutation Tests in Colorectal Cancer Patients. Br J Cancer. 2017 May 9;116(10):1271-1278. Pubmed ID 28399112<\/a><\/td>\n<\/tr>\n<tr style=\"height: 24px;\">\n<td style=\"width: 3.17757%; height: 24px;\"><a href=\"https:\/\/pubmed.ncbi.nlm.nih.gov\/21690468\/\" target=\"_blank\" rel=\"noopener\"><img loading=\"lazy\" decoding=\"async\" class=\"wp-image-4151 alignnone size-full\" src=\"https:\/\/entrogen.com\/web4\/wp-content\/uploads\/2024\/11\/Pubmed-thumb-150x150-3.png\" alt=\"\" width=\"150\" height=\"150\" srcset=\"https:\/\/entrogen.com\/web4\/wp-content\/uploads\/2024\/11\/Pubmed-thumb-150x150-3.png 150w, https:\/\/entrogen.com\/web4\/wp-content\/uploads\/2024\/11\/Pubmed-thumb-150x150-3-100x100.png 100w\" sizes=\"(max-width: 150px) 100vw, 150px\" \/><\/a><\/td>\n<td style=\"width: 16.8224%; height: 24px;\"><a href=\"https:\/\/pubmed.ncbi.nlm.nih.gov\/30085422\/\" target=\"_blank\" rel=\"noopener\"><strong>Analysis of KRAS, NRAS, BRAF, and PIK3CA Mutations Could Predict Metastases in Colorectal Cancer: A Preliminary Study.<\/strong> Wojas-Krawczyk K, Kalinka-Warzocha E, Reszka K, Nico\u015b M, Szumi\u0142o J, Ma\u0144dziuk S, Szczepaniak K, Kupnicka D, Lewandowski R, Milanowski J, Krawczyk P. Adv Clin Exp Med. 2018 Aug 7. Pubmed ID 30085422<\/a><\/td>\n<\/tr>\n<\/tbody>\n<\/table>\n<p>&nbsp;<\/p>\n<p>Click to download lot-specific quality control data for your product:<\/p>\n<p><u><a href=\"https:\/\/entrogen.com\/coa\"><a href=\"https:\/\/entrogen.com\/coa\" class=\"su-button su-button-style-default\" style=\"color:#FFFFFF;background-color:#2D89EF;border-color:#246ec0;border-radius:5px\" target=\"_blank\" rel=\"noopener noreferrer\"><span style=\"color:#FFFFFF;padding:0px 16px;font-size:13px;line-height:26px;border-color:#6cadf4;border-radius:5px;text-shadow:none\"> Download<\/span><\/a><\/a><\/u><\/p>\n<p>&nbsp;<\/p>\n[\/et_pb_tab][\/et_pb_tabs][\/et_pb_column][\/et_pb_row][et_pb_row _builder_version=&#8221;4.27.2&#8243; _module_preset=&#8221;default&#8221; global_colors_info=&#8221;{}&#8221;][et_pb_column type=&#8221;4_4&#8243; _builder_version=&#8221;4.27.2&#8243; _module_preset=&#8221;default&#8221; global_colors_info=&#8221;{}&#8221;][et_pb_wc_related_products include_categories=&#8221;44&#8243; show_price=&#8221;off&#8221; show_rating=&#8221;off&#8221; show_sale_badge=&#8221;off&#8221; _builder_version=&#8221;4.27.4&#8243; _module_preset=&#8221;default&#8221; global_colors_info=&#8221;{}&#8221;][\/et_pb_wc_related_products][\/et_pb_column][\/et_pb_row][\/et_pb_section][et_pb_section fb_built=&#8221;1&#8243; _builder_version=&#8221;4.27.4&#8243; _module_preset=&#8221;default&#8221; global_colors_info=&#8221;{}&#8221;][\/et_pb_section]\n","protected":false},"excerpt":{"rendered":"<p>Cat Number: <strong>NRAS-RT50<\/strong><\/p>\n<p>The NRAS Mutation Analysis Kit is a real-time PCR-based assay that detects somatic mutations in the NRAS gene, which are associated with tumor progression and resistance to EGFR-targeted therapies.<\/p>\n<p>&nbsp;<\/p>\n<ul>\n<li>Below 1% Limit of Detection<\/li>\n<li>50 tests per kit<\/li>\n<li>2-hour turnaround time<\/li>\n<li>Works with FFPE and fresh frozen samples<\/li>\n<li>10 Reactions per sample<\/li>\n<li>For research use (RUO) in the U.S<\/li>\n<li>For in vitro diagnostic use (IVD) in the European Union<\/li>\n<\/ul>\n","protected":false},"featured_media":4820,"template":"","meta":{"_et_pb_use_builder":"on","_et_pb_old_content":"[su_tabs][su_tab title=\"Overview\" disabled=\"no\" anchor=\"\" url=\"\" target=\"\" class=\"\"]\r\n\r\nMutations in the KRAS gene, commonly found in metastatic colorectal cancer (mCRC), lung adenocarcinoma, and thyroid cancer, can make tumors resistant to anti-EGFR treatments. Studies show that mutations in exons 2, 3, and 4 of the KRAS and NRAS genes reduce the effectiveness of these therapies, leading experts, including the American Society of Clinical Oncology (ASCO), to recommend genetic screening before treatment.\r\n\r\nThe RAS mutation analysis real-time assay utilizes allele-specific PCR, ensuring accurate detection using fluorescent hydrolysis probes. The panel is a qualitative test that detects somatic mutations found in exons 2, 3, and 4 of KRAS and NRAS genes. Below is a list of mutations detected by this kit.\r\n\r\nThe RAS Mutation Screening Panel identifies the presence of the mutations in a total of 8 reactions per sample. The test does not distinguish between mutations within each group.\r\n\r\n*A complementary add-on reaction that distinguishes KRAS G12C from other codon 12 mutations is available, upon request.\r\n\r\n<sup><img class=\"alignnone size-medium wp-image-4077\" src=\"http:\/\/entrogen.com\/web4\/wp-content\/uploads\/2024\/11\/KRAS-Mutation-Chart-300x128.png\" alt=\"\" width=\"300\" height=\"128\" \/>\r\n<\/sup><sup>1<\/sup> My Cancer Genome; www.mycancergenome.org (Colorectal Carcinoma, Colorectal Adenocarcinoma)\r\n\r\n[\/su_tab]\r\n[su_tab title=\"Workflow\" disabled=\"no\" anchor=\"\" url=\"\" target=\"blank\" class=\"\"]\r\n\r\nProduct Workflow\r\n\r\n[\/su_tab]\r\n[su_tab title=\"Resources\" disabled=\"no\" anchor=\"\" url=\"\" target=\"blank\" class=\"\"]\r\n\r\n&nbsp;\r\n\r\n&nbsp;\r\n\r\n<a href=\"http:\/\/entrogen.com\/web4\/videos\/ras.htm\">http:\/\/entrogen.com\/web4\/videos\/ras.htm<\/a>\r\n\r\n[\/su_tab][\/su_tabs]","_et_gb_content_width":"","_monsterinsights_skip_tracking":false,"_monsterinsights_sitenote_active":false,"_monsterinsights_sitenote_note":"","_monsterinsights_sitenote_category":0,"_uf_show_specific_survey":0,"_uf_disable_surveys":false},"product_brand":[],"product_cat":[44,55],"product_tag":[65],"class_list":{"0":"post-4353","1":"product","2":"type-product","3":"status-publish","4":"has-post-thumbnail","6":"product_cat-colorectal-cancer","7":"product_cat-melanoma-2","8":"product_tag-nras","10":"first","11":"instock","12":"shipping-taxable","13":"product-type-simple"},"_links":{"self":[{"href":"https:\/\/entrogen.com\/web4\/wp-json\/wp\/v2\/product\/4353","targetHints":{"allow":["GET"]}}],"collection":[{"href":"https:\/\/entrogen.com\/web4\/wp-json\/wp\/v2\/product"}],"about":[{"href":"https:\/\/entrogen.com\/web4\/wp-json\/wp\/v2\/types\/product"}],"wp:featuredmedia":[{"embeddable":true,"href":"https:\/\/entrogen.com\/web4\/wp-json\/wp\/v2\/media\/4820"}],"wp:attachment":[{"href":"https:\/\/entrogen.com\/web4\/wp-json\/wp\/v2\/media?parent=4353"}],"wp:term":[{"taxonomy":"product_brand","embeddable":true,"href":"https:\/\/entrogen.com\/web4\/wp-json\/wp\/v2\/product_brand?post=4353"},{"taxonomy":"product_cat","embeddable":true,"href":"https:\/\/entrogen.com\/web4\/wp-json\/wp\/v2\/product_cat?post=4353"},{"taxonomy":"product_tag","embeddable":true,"href":"https:\/\/entrogen.com\/web4\/wp-json\/wp\/v2\/product_tag?post=4353"}],"curies":[{"name":"wp","href":"https:\/\/api.w.org\/{rel}","templated":true}]}}