{"id":4411,"date":"2025-04-07T20:58:12","date_gmt":"2025-04-07T20:58:12","guid":{"rendered":"https:\/\/entrogen.com\/web4\/?post_type=product&#038;p=4411"},"modified":"2025-11-19T00:04:20","modified_gmt":"2025-11-19T00:04:20","slug":"ctdna-egfr-mutation-detection-kit","status":"publish","type":"product","link":"https:\/\/entrogen.com\/web4\/product\/ctdna-egfr-mutation-detection-kit\/","title":{"rendered":"ctDNA EGFR Mutation Detection Kit"},"content":{"rendered":"[et_pb_section fb_built=&#8221;1&#8243; admin_label=&#8221;Section&#8221; _builder_version=&#8221;4.27.2&#8243; _module_preset=&#8221;default&#8221; custom_padding=&#8221;6px||4px|||&#8221; collapsed=&#8221;off&#8221; global_colors_info=&#8221;{}&#8221;][et_pb_row _builder_version=&#8221;4.16&#8243; background_size=&#8221;initial&#8221; background_position=&#8221;top_left&#8221; background_repeat=&#8221;repeat&#8221; width=&#8221;100%&#8221; custom_padding=&#8221;0px||0px||false|false&#8221; global_colors_info=&#8221;{}&#8221;][et_pb_column type=&#8221;4_4&#8243; _builder_version=&#8221;4.16&#8243; custom_padding=&#8221;|||&#8221; global_colors_info=&#8221;{}&#8221; custom_padding__hover=&#8221;|||&#8221;][et_pb_wc_breadcrumb admin_label=&#8221;Woo Breadcrumbs&#8221; _builder_version=&#8221;4.16&#8243; global_colors_info=&#8221;{}&#8221;][\/et_pb_wc_breadcrumb][\/et_pb_column][\/et_pb_row][\/et_pb_section][et_pb_section fb_built=&#8221;1&#8243; specialty=&#8221;on&#8221; _builder_version=&#8221;4.27.2&#8243; _module_preset=&#8221;default&#8221; custom_padding=&#8221;0px||9px|||&#8221; global_colors_info=&#8221;{}&#8221;][et_pb_column type=&#8221;1_3&#8243; _builder_version=&#8221;4.16&#8243; custom_padding=&#8221;|||&#8221; global_colors_info=&#8221;{}&#8221; custom_padding__hover=&#8221;|||&#8221;][et_pb_wc_images _builder_version=&#8221;4.27.4&#8243; _module_preset=&#8221;default&#8221; custom_margin=&#8221;|||-98px||&#8221; custom_padding=&#8221;|||23px||&#8221; global_colors_info=&#8221;{}&#8221;][\/et_pb_wc_images][\/et_pb_column][et_pb_column type=&#8221;2_3&#8243; specialty_columns=&#8221;2&#8243; _builder_version=&#8221;4.16&#8243; custom_padding=&#8221;|||&#8221; global_colors_info=&#8221;{}&#8221; custom_padding__hover=&#8221;|||&#8221;][et_pb_row_inner column_structure=&#8221;1_2,1_2&#8243; _builder_version=&#8221;4.27.2&#8243; _module_preset=&#8221;default&#8221; custom_padding=&#8221;|0px||||&#8221; global_colors_info=&#8221;{}&#8221;][et_pb_column_inner type=&#8221;1_2&#8243; saved_specialty_column_type=&#8221;2_3&#8243; _builder_version=&#8221;4.27.2&#8243; _module_preset=&#8221;default&#8221; global_colors_info=&#8221;{}&#8221;][et_pb_wc_title _builder_version=&#8221;4.27.2&#8243; _module_preset=&#8221;default&#8221; header_font_size=&#8221;27px&#8221; custom_margin=&#8221;|-164px||||&#8221; global_colors_info=&#8221;{}&#8221;][\/et_pb_wc_title][\/et_pb_column_inner][et_pb_column_inner type=&#8221;1_2&#8243; saved_specialty_column_type=&#8221;2_3&#8243; _builder_version=&#8221;4.27.2&#8243; _module_preset=&#8221;default&#8221; global_colors_info=&#8221;{}&#8221;][\/et_pb_column_inner][\/et_pb_row_inner][et_pb_row_inner _builder_version=&#8221;4.27.2&#8243; _module_preset=&#8221;default&#8221; global_colors_info=&#8221;{}&#8221;][et_pb_column_inner saved_specialty_column_type=&#8221;2_3&#8243; _builder_version=&#8221;4.27.2&#8243; _module_preset=&#8221;default&#8221; global_colors_info=&#8221;{}&#8221;][et_pb_wc_description admin_label=&#8221;Woo Product Short Description&#8221; _builder_version=&#8221;4.27.4&#8243; custom_margin=&#8221;-8px|||||&#8221; global_colors_info=&#8221;{}&#8221;][\/et_pb_wc_description][et_pb_wc_meta show_sku=&#8221;off&#8221; admin_label=&#8221;Woo Product Meta&#8221; _builder_version=&#8221;4.27.2&#8243; global_colors_info=&#8221;{}&#8221;][\/et_pb_wc_meta][et_pb_button button_url=&#8221;https:\/\/entrogen.com\/web4\/product-information-request-form\/&#8221; button_text=&#8221;Request More Information&#8221; button_alignment=&#8221;left&#8221; admin_label=&#8221;Button&#8221; _builder_version=&#8221;4.27.4&#8243; _module_preset=&#8221;default&#8221; custom_button=&#8221;on&#8221; button_text_size=&#8221;13px&#8221; button_text_color=&#8221;#FFFFFF&#8221; button_bg_color=&#8221;#476e8d&#8221; button_border_color=&#8221;RGBA(255,255,255,0)&#8221; background_layout=&#8221;dark&#8221; custom_margin=&#8221;30px|||||&#8221; global_colors_info=&#8221;{}&#8221;][\/et_pb_button][\/et_pb_column_inner][\/et_pb_row_inner][\/et_pb_column][\/et_pb_section][et_pb_section fb_built=&#8221;1&#8243; _builder_version=&#8221;4.16&#8243; custom_padding=&#8221;0px||||false|false&#8221; global_colors_info=&#8221;{}&#8221;][et_pb_row _builder_version=&#8221;4.27.4&#8243; _module_preset=&#8221;default&#8221; width=&#8221;100%&#8221; custom_padding=&#8221;6px|||||&#8221; global_colors_info=&#8221;{}&#8221;][et_pb_column type=&#8221;4_4&#8243; _builder_version=&#8221;4.27.2&#8243; _module_preset=&#8221;default&#8221; global_colors_info=&#8221;{}&#8221;][et_pb_tabs admin_label=&#8221;Tabs&#8221; _builder_version=&#8221;4.27.4&#8243; _module_preset=&#8221;default&#8221; custom_margin=&#8221;24px|||||&#8221; custom_padding=&#8221;|30px|60px|||&#8221; hover_enabled=&#8221;0&#8243; global_colors_info=&#8221;{}&#8221; sticky_enabled=&#8221;0&#8243;][et_pb_tab title=&#8221;Product Overview&#8221; _builder_version=&#8221;4.27.4&#8243; _module_preset=&#8221;default&#8221; global_colors_info=&#8221;{}&#8221;]\n<p class=\"\" data-start=\"0\" data-end=\"524\">The epidermal growth factor receptor (EGFR) is a membrane protein that plays a central role in transmitting signals from extracellular ligands to intracellular pathways, such as the Ras-Raf-MAPK cascade, which drive cell proliferation and survival. Mutations in EGFR, particularly in exons 18, 19, 20, and 21, are frequently found in lung cancer and other solid tumors and have been shown to predict response to EGFR-targeted therapies.<\/p>\n<p class=\"\" data-start=\"526\" data-end=\"919\">The ctDNA EGFR Mutation Detection Kit is an ultra-sensitive, real-time PCR-based assay designed for the specific and sensitive detection of somatic EGFR mutations from circulating tumor DNA (ctDNA) isolated from plasma. Using mutant-specific primers and fluorescent hydrolysis probes, the assay preferentially amplifies mutant sequences even in samples with a high proportion of wild-type DNA.<\/p>\n<p class=\"\" data-start=\"1039\" data-end=\"1233\">This highly reliable and efficient assay provides valuable insights into tumor genetics.<\/p>\n<p class=\"\" data-start=\"1039\" data-end=\"1233\">A summary of mutations detected in each reaction is shown in the table below:<\/p>\n<table style=\"height: 264px; width: 316px;\" border=\"1\" width=\"270\">\n<tbody>\n<tr style=\"height: 24px;\">\n<td style=\"height: 24px; width: 82.375px;\"><strong>Reaction<\/strong><\/td>\n<td style=\"height: 24px; width: 217.625px;\"><strong>Mutation<\/strong><\/td>\n<\/tr>\n<tr style=\"height: 24px;\">\n<td style=\"height: 72px; width: 82.375px;\" rowspan=\"3\">1<\/td>\n<td style=\"height: 24px; width: 217.625px;\">Exon 19 Deletions<\/td>\n<\/tr>\n<tr style=\"height: 24px;\">\n<td style=\"height: 24px; width: 217.625px;\">T790M<\/td>\n<\/tr>\n<tr style=\"height: 24px;\">\n<td style=\"height: 24px; width: 217.625px;\">L858R<\/td>\n<\/tr>\n<tr style=\"height: 24px;\">\n<td style=\"height: 24px; width: 82.375px;\">2<\/td>\n<td style=\"height: 24px; width: 217.625px;\">C797S<\/td>\n<\/tr>\n<tr style=\"height: 24px;\">\n<td style=\"height: 24px; width: 82.375px;\">3<\/td>\n<td style=\"height: 24px; width: 217.625px;\">L861Q<\/td>\n<\/tr>\n<tr style=\"height: 24px;\">\n<td style=\"height: 24px; width: 82.375px;\">4<\/td>\n<td style=\"height: 24px; width: 217.625px;\">S768I<\/td>\n<\/tr>\n<tr style=\"height: 24px;\">\n<td style=\"height: 24px; width: 82.375px;\">5<\/td>\n<td style=\"height: 24px; width: 217.625px;\">G719X<\/td>\n<\/tr>\n<tr style=\"height: 24px;\">\n<td style=\"height: 24px; width: 82.375px;\">6<\/td>\n<td style=\"height: 24px; width: 217.625px;\">Ex20InsGGT\/CAC<\/td>\n<\/tr>\n<tr style=\"height: 48px;\">\n<td style=\"height: 48px; width: 82.375px;\">7<\/td>\n<td style=\"height: 48px; width: 217.625px;\">Ex20Ins9 (c.2300_2308dup)<\/td>\n<\/tr>\n<\/tbody>\n<\/table>\n<p>&nbsp;<\/p>\n<a href=\"https:\/\/entrogen.com\/web4\/product-information-request-form\/\" class=\"su-button su-button-style-default\" style=\"color:#FFFFFF;background-color:#2D89EF;border-color:#246ec0;border-radius:5px\" target=\"_blank\" rel=\"noopener noreferrer\"><span style=\"color:#FFFFFF;padding:0px 16px;font-size:13px;line-height:26px;border-color:#6cadf4;border-radius:5px;text-shadow:none\"> For More Information<\/span><\/a>\n[\/et_pb_tab][et_pb_tab title=&#8221;Workflow&#8221; _builder_version=&#8221;4.27.4&#8243; _module_preset=&#8221;default&#8221; global_colors_info=&#8221;{}&#8221;]\n<p>The ctDNA EGFR Mutation Detection Kit follows a simple and easy to use process. It can be completed in 2 hours and follows a simple straightforward process.<\/p>\n<p>EntroGen\u02bcs ctDNA EGFR Mutation Detection Kit requires a real-time PCR instrument capable of detecting VIC, FAM, ROX, and CY5 fluorescent probes.<\/p>\n<p>This test includes reagents required for PCR amplification\/detection, as well as validated reaction controls.<\/p>\n<p>Columns and reagents for cell-free DNA isolation are not included. Cell-free DNA can be extracted using <a href=\"https:\/\/entrogen.com\/web4\/product\/purena-cell-free-dna-isolation-kit\/\">EntroGen\u2019s Cell-Free DNA Isolation Kit<\/a>.<\/p>\n<p><img loading=\"lazy\" decoding=\"async\" class=\"wp-image-4412 alignnone size-medium\" src=\"https:\/\/entrogen.com\/web4\/wp-content\/uploads\/2025\/04\/CTEGFR-RT48-Load-Samples-267x300.png\" alt=\"\" width=\"267\" height=\"300\" \/><img loading=\"lazy\" decoding=\"async\" class=\"wp-image-4164 alignnone size-medium\" src=\"https:\/\/entrogen.com\/web4\/wp-content\/uploads\/2025\/03\/Arrow-right-sized-74x300.png\" alt=\"\" width=\"74\" height=\"300\" srcset=\"https:\/\/entrogen.com\/web4\/wp-content\/uploads\/2025\/03\/Arrow-right-sized-74x300.png 74w, https:\/\/entrogen.com\/web4\/wp-content\/uploads\/2025\/03\/Arrow-right-sized.png 150w\" sizes=\"(max-width: 74px) 100vw, 74px\" \/>\u00a0<img loading=\"lazy\" decoding=\"async\" class=\"wp-image-4413 alignnone size-medium\" src=\"https:\/\/entrogen.com\/web4\/wp-content\/uploads\/2025\/04\/CTEGFR-RT48-run-in-pcr-267x300.png\" alt=\"\" width=\"267\" height=\"300\" \/>\u00a0 \u00a0<img loading=\"lazy\" decoding=\"async\" class=\"wp-image-4164 alignnone size-medium\" src=\"https:\/\/entrogen.com\/web4\/wp-content\/uploads\/2025\/03\/Arrow-right-sized-74x300.png\" alt=\"\" width=\"74\" height=\"300\" srcset=\"https:\/\/entrogen.com\/web4\/wp-content\/uploads\/2025\/03\/Arrow-right-sized-74x300.png 74w, https:\/\/entrogen.com\/web4\/wp-content\/uploads\/2025\/03\/Arrow-right-sized.png 150w\" sizes=\"(max-width: 74px) 100vw, 74px\" \/> <img loading=\"lazy\" decoding=\"async\" class=\"wp-image-4230 alignnone size-medium\" src=\"https:\/\/entrogen.com\/web4\/wp-content\/uploads\/2025\/03\/Analyze-Results-1-267x300.png\" alt=\"\" width=\"267\" height=\"300\" \/><\/p>\n[\/et_pb_tab][et_pb_tab title=&#8221;Resources&#8221; _builder_version=&#8221;4.27.4&#8243; _module_preset=&#8221;default&#8221; hover_enabled=&#8221;0&#8243; global_colors_info=&#8221;{}&#8221; sticky_enabled=&#8221;0&#8243;]\n<table border=\"0\" style=\"width: 100%; border-collapse: collapse; border-style: none; height: 160px;\">\n<tbody>\n<tr style=\"height: 24px;\">\n<td style=\"width: 15.3271%; height: 24px;\"><a href=\"https:\/\/entrogen.com\/web4\/wp-content\/uploads\/2025\/04\/Poster-titel_-Arial-fed-90pt-Er-to-linjer-sa-kan-den-ene-linje-aendres-til-regular-ctEGFR-Poster-Steffen-Grann-Jensen-Herlev-Gentofte-hospital.pdf\" target=\"_blank\" rel=\"noopener\"><img loading=\"lazy\" decoding=\"async\" src=\"https:\/\/entrogen.com\/web4\/wp-content\/uploads\/2025\/06\/Screenshot-Implementation-of-a-Real-Time-PCR-based-plasma-ctDNA-analysis-for-detection-of-progressive-disease-acquired-by-EGFR-T790M-mediated-TKI-resistance-in-NSCLC-patients-\u2013-Jensen-S.G-et.al_-150x150.png\" width=\"150\" height=\"150\" alt=\"\" class=\"wp-image-4967 alignnone size-thumbnail\" srcset=\"https:\/\/entrogen.com\/web4\/wp-content\/uploads\/2025\/06\/Screenshot-Implementation-of-a-Real-Time-PCR-based-plasma-ctDNA-analysis-for-detection-of-progressive-disease-acquired-by-EGFR-T790M-mediated-TKI-resistance-in-NSCLC-patients-\u2013-Jensen-S.G-et.al_-150x150.png 150w, https:\/\/entrogen.com\/web4\/wp-content\/uploads\/2025\/06\/Screenshot-Implementation-of-a-Real-Time-PCR-based-plasma-ctDNA-analysis-for-detection-of-progressive-disease-acquired-by-EGFR-T790M-mediated-TKI-resistance-in-NSCLC-patients-\u2013-Jensen-S.G-et.al_-300x300.png 300w, https:\/\/entrogen.com\/web4\/wp-content\/uploads\/2025\/06\/Screenshot-Implementation-of-a-Real-Time-PCR-based-plasma-ctDNA-analysis-for-detection-of-progressive-disease-acquired-by-EGFR-T790M-mediated-TKI-resistance-in-NSCLC-patients-\u2013-Jensen-S.G-et.al_-100x100.png 100w\" sizes=\"(max-width: 150px) 100vw, 150px\" \/><\/a><\/td>\n<td style=\"width: 84.486%; height: 24px;\"><a href=\"https:\/\/entrogen.com\/web4\/wp-content\/uploads\/2025\/04\/Poster-titel_-Arial-fed-90pt-Er-to-linjer-sa-kan-den-ene-linje-aendres-til-regular-ctEGFR-Poster-Steffen-Grann-Jensen-Herlev-Gentofte-hospital.pdf\" target=\"_blank\" rel=\"noopener\"><strong>Implementation of a Real-Time PCR based plasma ctDNA analysis for detection of progressive disease acquired by EGFR T790M mediated TKI resistance in NSCLC patients<\/strong> \u2013 Jensen, S.G, et.al.<\/a><\/td>\n<\/tr>\n<tr style=\"height: 88px;\">\n<td style=\"width: 15.3271%; height: 88px;\"><a href=\"https:\/\/entrogen.com\/web4\/wp-content\/uploads\/2025\/04\/Slajd-1-Eurobiotech-2017-ctDNA-11-09-2017-MF_FD-edits.pdf\" target=\"_blank\" rel=\"noopener\"><img loading=\"lazy\" decoding=\"async\" src=\"https:\/\/entrogen.com\/web4\/wp-content\/uploads\/2025\/06\/Liquid-Biopsy-EGFR-screenshot-icon-150x150.png\" width=\"150\" height=\"150\" alt=\"\" class=\"wp-image-4969 alignnone size-thumbnail\" \/><\/a><\/td>\n<td style=\"width: 84.486%; height: 88px;\"><a href=\"https:\/\/entrogen.com\/web4\/wp-content\/uploads\/2025\/04\/Slajd-1-Eurobiotech-2017-ctDNA-11-09-2017-MF_FD-edits.pdf\" target=\"_blank\" rel=\"noopener\"><strong>Is liquid biopsy a good molecular monitoring tool? Detection of L858R and T790M EGFR mutations in circulating tumor DNA derived from NSCLC patient treated with gefitinib (case study)<\/strong> \u2013 Katarzyna, E, Nalejska, E., Lewandowska, M., et. al.<\/a><\/td>\n<\/tr>\n<tr style=\"height: 24px;\">\n<td style=\"width: 15.3271%; height: 24px;\"><a href=\"https:\/\/entrogen.com\/web4\/wp-content\/uploads\/2025\/04\/Assessment-of-EGFR-gene-mutations-in-cf-DNA-in-monitoring-of-response-to-EGFR-TKIs-in-patients-with-lung-adenocarcinoma.pdf\" target=\"_blank\" rel=\"noopener\"><img loading=\"lazy\" decoding=\"async\" src=\"https:\/\/entrogen.com\/web4\/wp-content\/uploads\/2025\/06\/screenshot-Assessment-of-EGFR-gene-mutations-in-cf-DNA-in-monitoring-of-response-to-EGFR-TKIs-in-patients-with-lung-adenocarcinom-150x150.png\" width=\"150\" height=\"150\" alt=\"\" class=\"wp-image-4970 alignnone size-thumbnail\" \/><\/a><\/td>\n<td style=\"width: 84.486%; height: 24px;\"><a href=\"https:\/\/entrogen.com\/web4\/wp-content\/uploads\/2025\/04\/Assessment-of-EGFR-gene-mutations-in-cf-DNA-in-monitoring-of-response-to-EGFR-TKIs-in-patients-with-lung-adenocarcinoma.pdf\" target=\"_blank\" rel=\"noopener\"><strong>Assessment of EGFR gene mutations in cf-DNA in monitoring of response to EGFR TKIs in patients with lung adenocarcinoma<\/strong> \u2013 Nico\u015b, Marcin, Wojas-Krawczyk, Kamila, et. al.<\/a><\/td>\n<\/tr>\n<tr style=\"height: 24px;\">\n<td style=\"width: 15.3271%; height: 24px;\"><a href=\"https:\/\/entrogen.com\/web4\/wp-content\/uploads\/2025\/04\/Detection-of-somatic-mutations-in-ctDNA-derived-from-adenocarcinoma-patients-\u2013-EGFR-tyrosine-kinase-inhibitor-monitoring-preliminary-study.pdf\" target=\"_blank\" rel=\"noopener\"><img loading=\"lazy\" decoding=\"async\" src=\"https:\/\/entrogen.com\/web4\/wp-content\/uploads\/2025\/06\/Screenshot-Detection-of-somatic-mutations-in-ctDNA-derived-from-adenocarcinoma-patients-\u2013-EGFR-tyrosine-kinase-inhibitor-monitoring-preliminary-study-150x150.png\" width=\"150\" height=\"150\" alt=\"\" class=\"wp-image-4971 alignnone size-thumbnail\" srcset=\"https:\/\/entrogen.com\/web4\/wp-content\/uploads\/2025\/06\/Screenshot-Detection-of-somatic-mutations-in-ctDNA-derived-from-adenocarcinoma-patients-\u2013-EGFR-tyrosine-kinase-inhibitor-monitoring-preliminary-study-150x150.png 150w, https:\/\/entrogen.com\/web4\/wp-content\/uploads\/2025\/06\/Screenshot-Detection-of-somatic-mutations-in-ctDNA-derived-from-adenocarcinoma-patients-\u2013-EGFR-tyrosine-kinase-inhibitor-monitoring-preliminary-study-300x300.png 300w, https:\/\/entrogen.com\/web4\/wp-content\/uploads\/2025\/06\/Screenshot-Detection-of-somatic-mutations-in-ctDNA-derived-from-adenocarcinoma-patients-\u2013-EGFR-tyrosine-kinase-inhibitor-monitoring-preliminary-study-100x100.png 100w\" sizes=\"(max-width: 150px) 100vw, 150px\" \/><\/a><\/td>\n<td style=\"width: 84.486%; height: 24px;\"><a href=\"https:\/\/entrogen.com\/web4\/wp-content\/uploads\/2025\/04\/Detection-of-somatic-mutations-in-ctDNA-derived-from-adenocarcinoma-patients-\u2013-EGFR-tyrosine-kinase-inhibitor-monitoring-preliminary-study.pdf\" target=\"_blank\" rel=\"noopener\"><strong>Detection of somatic mutations in ctDNA derived from adenocarcinoma patients \u2013 EGFR tyrosine kinase inhibitor monitoring preliminary study<\/strong> \u2013 Lewandowska, Marzena Anna, Nalejska, Ewelina, et. al.<\/a><\/td>\n<\/tr>\n<tr>\n<td style=\"width: 15.3271%;\"><a href=\"https:\/\/pmc.ncbi.nlm.nih.gov\/articles\/PMC9075651\/\" target=\"_blank\" rel=\"noopener\"><img loading=\"lazy\" decoding=\"async\" src=\"https:\/\/entrogen.com\/web4\/wp-content\/uploads\/2025\/11\/Logo_PMC-150x150.png\" width=\"150\" height=\"150\" alt=\"\" class=\"wp-image-5315 alignnone size-thumbnail\" srcset=\"https:\/\/entrogen.com\/web4\/wp-content\/uploads\/2025\/11\/Logo_PMC-150x150.png 150w, https:\/\/entrogen.com\/web4\/wp-content\/uploads\/2025\/11\/Logo_PMC-100x100.png 100w, https:\/\/entrogen.com\/web4\/wp-content\/uploads\/2025\/11\/Logo_PMC.png 180w\" sizes=\"(max-width: 150px) 100vw, 150px\" \/><\/a><\/td>\n<td style=\"width: 84.486%;\"><a href=\"https:\/\/pmc.ncbi.nlm.nih.gov\/articles\/PMC9075651\/\" target=\"_blank\" rel=\"noopener\"><strong>The efficacy of T790M mutation testing in liquid biopsy\u2014Real clinic data.<\/strong> Krawczyk P, Grzycka-Kowalczyk L, B\u0142ach J, Reszka K, Chmielewska I, Kieszko R, W\u00f3jcik-Superczy\u0144ska M, Szczyrek M, Jankowski T, Milanowski J.\u00a0 PLoS One. 2022 May 6;17(5):e0267846. doi: 10.1371\/journal.pone.0267846. PMID: 35522668; PMCID: PMC9075651.<\/a><\/td>\n<\/tr>\n<\/tbody>\n<\/table>\n<p>Click to download lot-specific quality control data for your product:<\/p>\n<p><u><a href=\"https:\/\/entrogen.com\/coa\"><a href=\"https:\/\/entrogen.com\/coa\" class=\"su-button su-button-style-default\" style=\"color:#FFFFFF;background-color:#2D89EF;border-color:#246ec0;border-radius:5px\" target=\"_blank\" rel=\"noopener noreferrer\"><span style=\"color:#FFFFFF;padding:0px 16px;font-size:13px;line-height:26px;border-color:#6cadf4;border-radius:5px;text-shadow:none\"> Download<\/span><\/a><\/a><\/u><\/p>\n<p>&nbsp;<\/p>\n[\/et_pb_tab][\/et_pb_tabs][\/et_pb_column][\/et_pb_row][et_pb_row _builder_version=&#8221;4.27.2&#8243; _module_preset=&#8221;default&#8221; global_colors_info=&#8221;{}&#8221;][et_pb_column type=&#8221;4_4&#8243; _builder_version=&#8221;4.27.2&#8243; _module_preset=&#8221;default&#8221; global_colors_info=&#8221;{}&#8221;][et_pb_wc_related_products include_categories=&#8221;current&#8221; show_price=&#8221;off&#8221; show_rating=&#8221;off&#8221; show_sale_badge=&#8221;off&#8221; _builder_version=&#8221;4.27.2&#8243; _module_preset=&#8221;default&#8221; global_colors_info=&#8221;{}&#8221;][\/et_pb_wc_related_products][\/et_pb_column][\/et_pb_row][\/et_pb_section][et_pb_section fb_built=&#8221;1&#8243; _builder_version=&#8221;4.27.4&#8243; _module_preset=&#8221;default&#8221; global_colors_info=&#8221;{}&#8221;][\/et_pb_section]\n","protected":false},"excerpt":{"rendered":"<p>Cat Number: <strong>ctEGFR-48<\/strong><\/p>\n<p>The ctDNA EGFR Mutation Detection Kit is a real-time PCR-based assay that detects somatic EGFR mutations in exons 18, 19, 20, and 21 from circulating tumor DNA, providing actionable insights for targeted therapy in lung cancer when tumor tissue is unavailable.<\/p>\n<p>&nbsp;<\/p>\n<ul>\n<li>48 tests per kit<\/li>\n<li>2-hour turnaround time<\/li>\n<li>7 Reactions per sample<\/li>\n<li>For research use (RUO) in the U.S<\/li>\n<li>For in vitro diagnostic use (IVD) in the European Union<\/li>\n<\/ul>\n","protected":false},"featured_media":4817,"template":"","meta":{"_et_pb_use_builder":"on","_et_pb_old_content":"[su_tabs][su_tab title=\"Overview\" disabled=\"no\" anchor=\"\" url=\"\" target=\"\" class=\"\"]\r\n\r\nMutations in the KRAS gene, commonly found in metastatic colorectal cancer (mCRC), lung adenocarcinoma, and thyroid cancer, can make tumors resistant to anti-EGFR treatments. Studies show that mutations in exons 2, 3, and 4 of the KRAS and NRAS genes reduce the effectiveness of these therapies, leading experts, including the American Society of Clinical Oncology (ASCO), to recommend genetic screening before treatment.\r\n\r\nThe RAS mutation analysis real-time assay utilizes allele-specific PCR, ensuring accurate detection using fluorescent hydrolysis probes. The panel is a qualitative test that detects somatic mutations found in exons 2, 3, and 4 of KRAS and NRAS genes. Below is a list of mutations detected by this kit.\r\n\r\nThe RAS Mutation Screening Panel identifies the presence of the mutations in a total of 8 reactions per sample. The test does not distinguish between mutations within each group.\r\n\r\n*A complementary add-on reaction that distinguishes KRAS G12C from other codon 12 mutations is available, upon request.\r\n\r\n<sup><img class=\"alignnone size-medium wp-image-4077\" src=\"http:\/\/entrogen.com\/web4\/wp-content\/uploads\/2024\/11\/KRAS-Mutation-Chart-300x128.png\" alt=\"\" width=\"300\" height=\"128\" \/>\r\n<\/sup><sup>1<\/sup> My Cancer Genome; www.mycancergenome.org (Colorectal Carcinoma, Colorectal Adenocarcinoma)\r\n\r\n[\/su_tab]\r\n[su_tab title=\"Workflow\" disabled=\"no\" anchor=\"\" url=\"\" target=\"blank\" class=\"\"]\r\n\r\nProduct Workflow\r\n\r\n[\/su_tab]\r\n[su_tab title=\"Resources\" disabled=\"no\" anchor=\"\" url=\"\" target=\"blank\" class=\"\"]\r\n\r\n&nbsp;\r\n\r\n&nbsp;\r\n\r\n<a href=\"http:\/\/entrogen.com\/web4\/videos\/ras.htm\">http:\/\/entrogen.com\/web4\/videos\/ras.htm<\/a>\r\n\r\n[\/su_tab][\/su_tabs]","_et_gb_content_width":"","_monsterinsights_skip_tracking":false,"_monsterinsights_sitenote_active":false,"_monsterinsights_sitenote_note":"","_monsterinsights_sitenote_category":0,"_uf_show_specific_survey":0,"_uf_disable_surveys":false},"product_brand":[],"product_cat":[53],"product_tag":[67],"class_list":{"0":"post-4411","1":"product","2":"type-product","3":"status-publish","4":"has-post-thumbnail","6":"product_cat-lung-cancer","7":"product_tag-egfr","9":"first","10":"instock","11":"shipping-taxable","12":"product-type-simple"},"_links":{"self":[{"href":"https:\/\/entrogen.com\/web4\/wp-json\/wp\/v2\/product\/4411","targetHints":{"allow":["GET"]}}],"collection":[{"href":"https:\/\/entrogen.com\/web4\/wp-json\/wp\/v2\/product"}],"about":[{"href":"https:\/\/entrogen.com\/web4\/wp-json\/wp\/v2\/types\/product"}],"wp:featuredmedia":[{"embeddable":true,"href":"https:\/\/entrogen.com\/web4\/wp-json\/wp\/v2\/media\/4817"}],"wp:attachment":[{"href":"https:\/\/entrogen.com\/web4\/wp-json\/wp\/v2\/media?parent=4411"}],"wp:term":[{"taxonomy":"product_brand","embeddable":true,"href":"https:\/\/entrogen.com\/web4\/wp-json\/wp\/v2\/product_brand?post=4411"},{"taxonomy":"product_cat","embeddable":true,"href":"https:\/\/entrogen.com\/web4\/wp-json\/wp\/v2\/product_cat?post=4411"},{"taxonomy":"product_tag","embeddable":true,"href":"https:\/\/entrogen.com\/web4\/wp-json\/wp\/v2\/product_tag?post=4411"}],"curies":[{"name":"wp","href":"https:\/\/api.w.org\/{rel}","templated":true}]}}