{"id":5399,"date":"2026-04-22T20:34:45","date_gmt":"2026-04-22T20:34:45","guid":{"rendered":"https:\/\/entrogen.com\/web4\/?post_type=product&#038;p=5399"},"modified":"2026-04-30T20:37:05","modified_gmt":"2026-04-30T20:37:05","slug":"ugt1a1-genotyping-kit","status":"publish","type":"product","link":"https:\/\/entrogen.com\/web4\/product\/ugt1a1-genotyping-kit\/","title":{"rendered":"UGT1A1 Genotyping Kit"},"content":{"rendered":"[et_pb_section fb_built=&#8221;1&#8243; admin_label=&#8221;Section&#8221; _builder_version=&#8221;4.27.2&#8243; _module_preset=&#8221;default&#8221; custom_padding=&#8221;6px||4px|||&#8221; collapsed=&#8221;off&#8221; global_colors_info=&#8221;{}&#8221;][et_pb_row _builder_version=&#8221;4.16&#8243; background_size=&#8221;initial&#8221; background_position=&#8221;top_left&#8221; background_repeat=&#8221;repeat&#8221; width=&#8221;100%&#8221; custom_padding=&#8221;0px||0px||false|false&#8221; global_colors_info=&#8221;{}&#8221;][et_pb_column type=&#8221;4_4&#8243; _builder_version=&#8221;4.16&#8243; custom_padding=&#8221;|||&#8221; global_colors_info=&#8221;{}&#8221; custom_padding__hover=&#8221;|||&#8221;][et_pb_wc_breadcrumb admin_label=&#8221;Woo Breadcrumbs&#8221; _builder_version=&#8221;4.16&#8243; global_colors_info=&#8221;{}&#8221;][\/et_pb_wc_breadcrumb][\/et_pb_column][\/et_pb_row][\/et_pb_section][et_pb_section fb_built=&#8221;1&#8243; specialty=&#8221;on&#8221; _builder_version=&#8221;4.27.2&#8243; _module_preset=&#8221;default&#8221; custom_padding=&#8221;0px||9px|||&#8221; global_colors_info=&#8221;{}&#8221;][et_pb_column type=&#8221;1_3&#8243; _builder_version=&#8221;4.16&#8243; custom_padding=&#8221;|||&#8221; global_colors_info=&#8221;{}&#8221; custom_padding__hover=&#8221;|||&#8221;][et_pb_wc_images _builder_version=&#8221;4.27.4&#8243; _module_preset=&#8221;default&#8221; custom_margin=&#8221;|||-98px||&#8221; custom_padding=&#8221;|||23px||&#8221; global_colors_info=&#8221;{}&#8221;][\/et_pb_wc_images][\/et_pb_column][et_pb_column type=&#8221;2_3&#8243; specialty_columns=&#8221;2&#8243; _builder_version=&#8221;4.16&#8243; custom_padding=&#8221;|||&#8221; global_colors_info=&#8221;{}&#8221; custom_padding__hover=&#8221;|||&#8221;][et_pb_row_inner column_structure=&#8221;1_2,1_2&#8243; _builder_version=&#8221;4.27.2&#8243; _module_preset=&#8221;default&#8221; custom_padding=&#8221;|0px||||&#8221; global_colors_info=&#8221;{}&#8221;][et_pb_column_inner type=&#8221;1_2&#8243; saved_specialty_column_type=&#8221;2_3&#8243; _builder_version=&#8221;4.27.2&#8243; _module_preset=&#8221;default&#8221; global_colors_info=&#8221;{}&#8221;][et_pb_wc_title _builder_version=&#8221;4.27.2&#8243; _module_preset=&#8221;default&#8221; header_font_size=&#8221;27px&#8221; custom_margin=&#8221;|-164px||||&#8221; global_colors_info=&#8221;{}&#8221;][\/et_pb_wc_title][\/et_pb_column_inner][et_pb_column_inner type=&#8221;1_2&#8243; saved_specialty_column_type=&#8221;2_3&#8243; _builder_version=&#8221;4.27.2&#8243; _module_preset=&#8221;default&#8221; global_colors_info=&#8221;{}&#8221;][\/et_pb_column_inner][\/et_pb_row_inner][et_pb_row_inner _builder_version=&#8221;4.27.2&#8243; _module_preset=&#8221;default&#8221; global_colors_info=&#8221;{}&#8221;][et_pb_column_inner saved_specialty_column_type=&#8221;2_3&#8243; _builder_version=&#8221;4.27.2&#8243; _module_preset=&#8221;default&#8221; global_colors_info=&#8221;{}&#8221;][et_pb_wc_description admin_label=&#8221;Woo Product Short Description&#8221; _builder_version=&#8221;4.27.4&#8243; custom_margin=&#8221;-8px|||||&#8221; global_colors_info=&#8221;{}&#8221;][\/et_pb_wc_description][et_pb_wc_meta show_sku=&#8221;off&#8221; admin_label=&#8221;Woo Product Meta&#8221; _builder_version=&#8221;4.27.2&#8243; global_colors_info=&#8221;{}&#8221;][\/et_pb_wc_meta][et_pb_button button_url=&#8221;https:\/\/entrogen.com\/web4\/product-information-request-form\/&#8221; button_text=&#8221;Request More Information&#8221; button_alignment=&#8221;left&#8221; admin_label=&#8221;Button&#8221; _builder_version=&#8221;4.27.4&#8243; _module_preset=&#8221;default&#8221; custom_button=&#8221;on&#8221; button_text_size=&#8221;13px&#8221; button_text_color=&#8221;#FFFFFF&#8221; button_bg_color=&#8221;#476e8d&#8221; button_border_color=&#8221;RGBA(255,255,255,0)&#8221; background_layout=&#8221;dark&#8221; custom_margin=&#8221;30px|||||&#8221; global_colors_info=&#8221;{}&#8221;][\/et_pb_button][\/et_pb_column_inner][\/et_pb_row_inner][\/et_pb_column][\/et_pb_section][et_pb_section fb_built=&#8221;1&#8243; _builder_version=&#8221;4.16&#8243; custom_padding=&#8221;0px||||false|false&#8221; global_colors_info=&#8221;{}&#8221;][et_pb_row _builder_version=&#8221;4.27.4&#8243; _module_preset=&#8221;default&#8221; width=&#8221;100%&#8221; custom_padding=&#8221;6px|||||&#8221; global_colors_info=&#8221;{}&#8221;][et_pb_column type=&#8221;4_4&#8243; _builder_version=&#8221;4.27.2&#8243; _module_preset=&#8221;default&#8221; global_colors_info=&#8221;{}&#8221;][et_pb_tabs admin_label=&#8221;Tabs&#8221; _builder_version=&#8221;4.27.6&#8243; _module_preset=&#8221;default&#8221; custom_margin=&#8221;24px|||||&#8221; custom_padding=&#8221;|30px|60px|||&#8221; hover_enabled=&#8221;0&#8243; global_colors_info=&#8221;{}&#8221; sticky_enabled=&#8221;0&#8243;][et_pb_tab title=&#8221;Product Overview&#8221; _builder_version=&#8221;4.27.6&#8243; _module_preset=&#8221;default&#8221; global_colors_info=&#8221;{}&#8221;]\n<p>Uridine diphosphate-glucuronyl transferase 1A1 (UGT1A1) is an enzyme that catalyzes the glucuronidation of various compounds, including steroid hormones, bilirubin, as well as xenobiotics, such as irinotecan.\u00a0 Genetic variation in the promoter region of the UGT1A1 gene, most commonly the UGT1A1*28 allele, results in reduced transcriptional activity and decreased enzyme expression. This can lead to impaired detoxification capacity and increased susceptibility to drug-related toxicity.<\/p>\n<p data-start=\"527\" data-end=\"858\">The EntroGen UGT1A1 Genotyping Kit is designed to detect and differentiate the UGT1A1<em data-start=\"612\" data-end=\"632\">1 (TA)6 and UGT1A1<\/em>28 (TA)7 promoter polymorphisms in human genomic DNA. Using a streamlined real-time PCR workflow with allelic discrimination technology, the assay enables clear and reliable identification of UGT1A1 genotypes in a single test.<\/p>\n[\/et_pb_tab][et_pb_tab title=&#8221;Workflow&#8221; _builder_version=&#8221;4.27.6&#8243; _module_preset=&#8221;default&#8221; hover_enabled=&#8221;0&#8243; global_colors_info=&#8221;{}&#8221; sticky_enabled=&#8221;0&#8243;]\n<p data-start=\"0\" data-end=\"192\">The UGT1A1 Genotyping Kit follows a simple and easy-to-use real-time PCR workflow that can be completed in approximately 2 hours, enabling rapid allelic discrimination in a streamlined format.<\/p>\n<p data-start=\"194\" data-end=\"386\">EntroGen\u2019s UGT1A1 Genotyping Kit requires a real-time PCR instrument capable of detecting FAM and VIC fluorescent probes for accurate allelic discrimination of UGT1A*1<em data-start=\"360\" data-end=\"374\">1 and UGT1A1*<\/em>28 variants.<\/p>\n<p data-start=\"388\" data-end=\"583\">This assay includes all reagents required for PCR amplification and detection, along with validated wild-type and variant control materials to ensure reliable genotype calling and run performance.<\/p>\n<p data-start=\"585\" data-end=\"827\">Reagents and consumables for genomic DNA extraction are not included. Genomic DNA can be isolated from whole blood or other human samples using commercially available extraction methods, such as the <a href=\"https:\/\/entrogen.com\/web4\/product\/purena-genomic-dna-isolation-kit\/\">EntroGen pureNA\u00ae Genomic DNA Isolation Kit.<\/a><\/p>\n<p data-start=\"585\" data-end=\"827\"><img loading=\"lazy\" decoding=\"async\" src=\"https:\/\/entrogen.com\/web4\/wp-content\/uploads\/2026\/04\/UGT-RT50-Load-Samples-267x300.png\" width=\"267\" height=\"300\" alt=\"\" class=\"wp-image-5419 alignnone size-medium\" \/><img loading=\"lazy\" decoding=\"async\" src=\"https:\/\/entrogen.com\/web4\/wp-content\/uploads\/2025\/03\/Arrow-right-sized-74x300.png\" width=\"74\" height=\"300\" alt=\"\" class=\"wp-image-4164 alignnone size-medium\" srcset=\"https:\/\/entrogen.com\/web4\/wp-content\/uploads\/2025\/03\/Arrow-right-sized-74x300.png 74w, https:\/\/entrogen.com\/web4\/wp-content\/uploads\/2025\/03\/Arrow-right-sized.png 150w\" sizes=\"(max-width: 74px) 100vw, 74px\" \/><img loading=\"lazy\" decoding=\"async\" src=\"https:\/\/entrogen.com\/web4\/wp-content\/uploads\/2026\/04\/UGT-RT50-Run-in-PCR-267x300.png\" width=\"267\" height=\"300\" alt=\"\" class=\"wp-image-5418 alignnone size-medium\" \/><img loading=\"lazy\" decoding=\"async\" src=\"https:\/\/entrogen.com\/web4\/wp-content\/uploads\/2025\/03\/Arrow-right-sized-74x300.png\" width=\"74\" height=\"300\" alt=\"\" class=\"wp-image-4164 alignnone size-medium\" srcset=\"https:\/\/entrogen.com\/web4\/wp-content\/uploads\/2025\/03\/Arrow-right-sized-74x300.png 74w, https:\/\/entrogen.com\/web4\/wp-content\/uploads\/2025\/03\/Arrow-right-sized.png 150w\" sizes=\"(max-width: 74px) 100vw, 74px\" \/><img loading=\"lazy\" decoding=\"async\" src=\"https:\/\/entrogen.com\/web4\/wp-content\/uploads\/2025\/03\/Analyze-Results-1-267x300.png\" width=\"267\" height=\"300\" alt=\"\" class=\"wp-image-4230 alignnone size-medium\" \/><\/p>\n[\/et_pb_tab][et_pb_tab title=&#8221;Resources&#8221; _builder_version=&#8221;4.27.6&#8243; _module_preset=&#8221;default&#8221; hover_enabled=&#8221;0&#8243; global_colors_info=&#8221;{}&#8221; sticky_enabled=&#8221;0&#8243;]\n<p>&nbsp;<\/p>\n<table border=\"0\" style=\"width: 100%; border-collapse: collapse; border-style: none; height: 240px;\">\n<tbody>\n<tr style=\"height: 24px;\">\n<td style=\"width: 3.17757%; height: 24px;\"><a href=\"https:\/\/link.springer.com\/article\/10.1186\/s12876-019-0931-2\" target=\"_blank\" rel=\"noopener\"><img loading=\"lazy\" decoding=\"async\" src=\"https:\/\/entrogen.com\/web4\/wp-content\/uploads\/2025\/11\/Springer-Nature-logo-150x150.jpg\" width=\"150\" height=\"150\" alt=\"\" class=\"wp-image-5317 alignnone size-thumbnail\" \/><\/a><\/td>\n<td style=\"width: 16.8224%; height: 24px;\"><a href=\"https:\/\/link.springer.com\/article\/10.1186\/s12876-019-0931-2\" target=\"_blank\" rel=\"noopener\"><strong>The frequency, clinical course, and health related quality of life in adults with Gilbert\u2019s syndrome: a longitudinal study.<\/strong> Kamal S, Abdelhakam S, Ghoraba D, Massoud Y, Aziz KA, Hassan H, Hafez T, Abdel Sallam A. BMC gastroenterology. 2019 Feb 4;19(1):22.<\/a><\/td>\n<\/tr>\n<tr style=\"height: 24px;\">\n<td style=\"width: 3.17757%; height: 24px;\"><a href=\"https:\/\/link.springer.com\/article\/10.1007\/s00280-018-3720-7\" target=\"_blank\" rel=\"noopener\"><img loading=\"lazy\" decoding=\"async\" src=\"https:\/\/entrogen.com\/web4\/wp-content\/uploads\/2025\/11\/Springer-Nature-logo-150x150.jpg\" width=\"150\" height=\"150\" alt=\"\" class=\"wp-image-5317 alignnone size-thumbnail\" \/><\/a><\/td>\n<td style=\"width: 16.8224%; height: 24px;\"><a href=\"https:\/\/link.springer.com\/article\/10.1007\/s00280-018-3720-7\" target=\"_blank\" rel=\"noopener\"><strong>Oral administration of irinotecan in patients with solid tumors: an open-label, phase I, dose escalating study evaluating safety, tolerability and pharmacokinetics.<\/strong> K\u00fcmler I, S\u00f8rensen PG, Palshof J, H\u00f8gdall E, Skovrider-Ruminski W, Theile S, Fullerton A, Nielsen PG, Jensen BV, Nielsen DL. Cancer chemotherapy and pharmacology. 2019 Jan 31;83(1):169-78.<\/a><\/td>\n<\/tr>\n<\/tbody>\n<\/table>\n<p>&nbsp;<\/p>\n<p>Click to download lot-specific quality control data for your product:<\/p>\n<p><u><a href=\"https:\/\/entrogen.com\/coa\"><a href=\"https:\/\/entrogen.com\/coa\" class=\"su-button su-button-style-default\" style=\"color:#FFFFFF;background-color:#2D89EF;border-color:#246ec0;border-radius:5px\" target=\"_blank\" rel=\"noopener noreferrer\"><span style=\"color:#FFFFFF;padding:0px 16px;font-size:13px;line-height:26px;border-color:#6cadf4;border-radius:5px;text-shadow:none\"> Download<\/span><\/a><\/a><\/u><\/p>\n<p>&nbsp;<\/p>\n[\/et_pb_tab][\/et_pb_tabs][\/et_pb_column][\/et_pb_row][et_pb_row _builder_version=&#8221;4.27.2&#8243; _module_preset=&#8221;default&#8221; global_colors_info=&#8221;{}&#8221;][et_pb_column type=&#8221;4_4&#8243; _builder_version=&#8221;4.27.2&#8243; _module_preset=&#8221;default&#8221; global_colors_info=&#8221;{}&#8221;][et_pb_wc_related_products _builder_version=&#8221;4.27.6&#8243; _module_preset=&#8221;default&#8221; global_colors_info=&#8221;{}&#8221;][\/et_pb_wc_related_products][\/et_pb_column][\/et_pb_row][\/et_pb_section][et_pb_section fb_built=&#8221;1&#8243; _builder_version=&#8221;4.27.4&#8243; _module_preset=&#8221;default&#8221; global_colors_info=&#8221;{}&#8221;][\/et_pb_section][et_pb_section fb_built=&#8221;1&#8243; _builder_version=&#8221;4.27.6&#8243; _module_preset=&#8221;default&#8221; global_colors_info=&#8221;{}&#8221;][et_pb_row _builder_version=&#8221;4.27.6&#8243; _module_preset=&#8221;default&#8221; global_colors_info=&#8221;{}&#8221;][et_pb_column type=&#8221;4_4&#8243; _builder_version=&#8221;4.27.6&#8243; _module_preset=&#8221;default&#8221; global_colors_info=&#8221;{}&#8221;][et_pb_image _builder_version=&#8221;4.27.6&#8243; _module_preset=&#8221;default&#8221; global_colors_info=&#8221;{}&#8221;][\/et_pb_image][\/et_pb_column][\/et_pb_row][\/et_pb_section]\n","protected":false},"excerpt":{"rendered":"<p>Cat Number: <strong>UGT-RT50<\/strong><\/p>\n<p>The UGT1A1 Genotyping Kit is a real-time PCR assay for differentiation of UGT1A1*1 and *28 polymorphisms in human genomic DNA.<\/p>\n<p>&nbsp;<\/p>\n<ul>\n<li>50 tests per kit<\/li>\n<li>2-hour turnaround time<\/li>\n<li>Works with extracted human genomic DNA<\/li>\n<li>For research use (RUO) in the U.S<\/li>\n<li>For in vitro diagnostic use (IVD) in the European Union<\/li>\n<\/ul>\n","protected":false},"featured_media":4076,"template":"","meta":{"_et_pb_use_builder":"on","_et_pb_old_content":"[su_tabs][su_tab title=\"Overview\" disabled=\"no\" anchor=\"\" url=\"\" target=\"\" class=\"\"]\r\n\r\nMutations in the KRAS gene, commonly found in metastatic colorectal cancer (mCRC), lung adenocarcinoma, and thyroid cancer, can make tumors resistant to anti-EGFR treatments. Studies show that mutations in exons 2, 3, and 4 of the KRAS and NRAS genes reduce the effectiveness of these therapies, leading experts, including the American Society of Clinical Oncology (ASCO), to recommend genetic screening before treatment.\r\n\r\nThe RAS mutation analysis real-time assay utilizes allele-specific PCR, ensuring accurate detection using fluorescent hydrolysis probes. The panel is a qualitative test that detects somatic mutations found in exons 2, 3, and 4 of KRAS and NRAS genes. Below is a list of mutations detected by this kit.\r\n\r\nThe RAS Mutation Screening Panel identifies the presence of the mutations in a total of 8 reactions per sample. The test does not distinguish between mutations within each group.\r\n\r\n*A complementary add-on reaction that distinguishes KRAS G12C from other codon 12 mutations is available, upon request.\r\n\r\n<sup><img class=\"alignnone size-medium wp-image-4077\" src=\"http:\/\/entrogen.com\/web4\/wp-content\/uploads\/2024\/11\/KRAS-Mutation-Chart-300x128.png\" alt=\"\" width=\"300\" height=\"128\" \/>\r\n<\/sup><sup>1<\/sup> My Cancer Genome; www.mycancergenome.org (Colorectal Carcinoma, Colorectal Adenocarcinoma)\r\n\r\n[\/su_tab]\r\n[su_tab title=\"Workflow\" disabled=\"no\" anchor=\"\" url=\"\" target=\"blank\" class=\"\"]\r\n\r\nProduct Workflow\r\n\r\n[\/su_tab]\r\n[su_tab title=\"Resources\" disabled=\"no\" anchor=\"\" url=\"\" target=\"blank\" class=\"\"]\r\n\r\n&nbsp;\r\n\r\n&nbsp;\r\n\r\n<a href=\"http:\/\/entrogen.com\/web4\/videos\/ras.htm\">http:\/\/entrogen.com\/web4\/videos\/ras.htm<\/a>\r\n\r\n[\/su_tab][\/su_tabs]","_et_gb_content_width":"","_monsterinsights_skip_tracking":false,"_monsterinsights_sitenote_active":false,"_monsterinsights_sitenote_note":"","_monsterinsights_sitenote_category":0,"_uf_show_specific_survey":0,"_uf_disable_surveys":false},"product_brand":[],"product_cat":[124],"product_tag":[126],"class_list":{"0":"post-5399","1":"product","2":"type-product","3":"status-publish","4":"has-post-thumbnail","6":"product_cat-genotyping","7":"product_tag-ugt1a1","9":"first","10":"instock","11":"shipping-taxable","12":"product-type-simple"},"_links":{"self":[{"href":"https:\/\/entrogen.com\/web4\/wp-json\/wp\/v2\/product\/5399","targetHints":{"allow":["GET"]}}],"collection":[{"href":"https:\/\/entrogen.com\/web4\/wp-json\/wp\/v2\/product"}],"about":[{"href":"https:\/\/entrogen.com\/web4\/wp-json\/wp\/v2\/types\/product"}],"wp:featuredmedia":[{"embeddable":true,"href":"https:\/\/entrogen.com\/web4\/wp-json\/wp\/v2\/media\/4076"}],"wp:attachment":[{"href":"https:\/\/entrogen.com\/web4\/wp-json\/wp\/v2\/media?parent=5399"}],"wp:term":[{"taxonomy":"product_brand","embeddable":true,"href":"https:\/\/entrogen.com\/web4\/wp-json\/wp\/v2\/product_brand?post=5399"},{"taxonomy":"product_cat","embeddable":true,"href":"https:\/\/entrogen.com\/web4\/wp-json\/wp\/v2\/product_cat?post=5399"},{"taxonomy":"product_tag","embeddable":true,"href":"https:\/\/entrogen.com\/web4\/wp-json\/wp\/v2\/product_tag?post=5399"}],"curies":[{"name":"wp","href":"https:\/\/api.w.org\/{rel}","templated":true}]}}